{"id":521,"date":"2023-10-27T10:06:01","date_gmt":"2023-10-27T08:06:01","guid":{"rendered":"https:\/\/lacremeriedubassin.fr\/?page_id=521"},"modified":"2023-10-27T10:07:03","modified_gmt":"2023-10-27T08:07:03","slug":"mention-legales","status":"publish","type":"page","link":"https:\/\/lacremeriedubassin.fr\/index.php\/mention-legales\/","title":{"rendered":"Mention l\u00e9gales"},"content":{"rendered":"\t\t<div data-elementor-type=\"wp-page\" data-elementor-id=\"521\" class=\"elementor elementor-521\">\n\t\t\t\t<div class=\"elementor-element elementor-element-d344127 e-flex e-con-boxed e-con e-parent\" data-id=\"d344127\" data-element_type=\"container\">\n\t\t\t\t\t<div class=\"e-con-inner\">\n\t\t\t\t<div class=\"elementor-element elementor-element-bfa80e6 elementor-widget elementor-widget-spacer\" data-id=\"bfa80e6\" data-element_type=\"widget\" data-widget_type=\"spacer.default\">\n\t\t\t\t<div class=\"elementor-widget-container\">\n\t\t\t<style>\/*! elementor - v3.21.0 - 25-04-2024 *\/\n.elementor-column .elementor-spacer-inner{height:var(--spacer-size)}.e-con{--container-widget-width:100%}.e-con-inner>.elementor-widget-spacer,.e-con>.elementor-widget-spacer{width:var(--container-widget-width,var(--spacer-size));--align-self:var(--container-widget-align-self,initial);--flex-shrink:0}.e-con-inner>.elementor-widget-spacer>.elementor-widget-container,.e-con>.elementor-widget-spacer>.elementor-widget-container{height:100%;width:100%}.e-con-inner>.elementor-widget-spacer>.elementor-widget-container>.elementor-spacer,.e-con>.elementor-widget-spacer>.elementor-widget-container>.elementor-spacer{height:100%}.e-con-inner>.elementor-widget-spacer>.elementor-widget-container>.elementor-spacer>.elementor-spacer-inner,.e-con>.elementor-widget-spacer>.elementor-widget-container>.elementor-spacer>.elementor-spacer-inner{height:var(--container-widget-height,var(--spacer-size))}.e-con-inner>.elementor-widget-spacer.elementor-widget-empty,.e-con>.elementor-widget-spacer.elementor-widget-empty{position:relative;min-height:22px;min-width:22px}.e-con-inner>.elementor-widget-spacer.elementor-widget-empty .elementor-widget-empty-icon,.e-con>.elementor-widget-spacer.elementor-widget-empty .elementor-widget-empty-icon{position:absolute;top:0;bottom:0;left:0;right:0;margin:auto;padding:0;width:22px;height:22px}<\/style>\t\t<div class=\"elementor-spacer\">\n\t\t\t<div class=\"elementor-spacer-inner\"><\/div>\n\t\t<\/div>\n\t\t\t\t<\/div>\n\t\t\t\t<\/div>\n\t\t\t\t<div class=\"elementor-element elementor-element-cb93e48 elementor-widget elementor-widget-heading\" data-id=\"cb93e48\" data-element_type=\"widget\" data-widget_type=\"heading.default\">\n\t\t\t\t<div class=\"elementor-widget-container\">\n\t\t\t<style>\/*! elementor - v3.21.0 - 25-04-2024 *\/\n.elementor-heading-title{padding:0;margin:0;line-height:1}.elementor-widget-heading .elementor-heading-title[class*=elementor-size-]>a{color:inherit;font-size:inherit;line-height:inherit}.elementor-widget-heading .elementor-heading-title.elementor-size-small{font-size:15px}.elementor-widget-heading .elementor-heading-title.elementor-size-medium{font-size:19px}.elementor-widget-heading .elementor-heading-title.elementor-size-large{font-size:29px}.elementor-widget-heading .elementor-heading-title.elementor-size-xl{font-size:39px}.elementor-widget-heading .elementor-heading-title.elementor-size-xxl{font-size:59px}<\/style><h2 class=\"elementor-heading-title elementor-size-large\">Mentions l\u00e9gales<\/h2>\t\t<\/div>\n\t\t\t\t<\/div>\n\t\t\t\t\t<\/div>\n\t\t\t\t<\/div>\n\t\t<div class=\"elementor-element elementor-element-95b67cd e-flex e-con-boxed e-con e-parent\" data-id=\"95b67cd\" data-element_type=\"container\">\n\t\t\t\t\t<div class=\"e-con-inner\">\n\t\t\t\t<div class=\"elementor-element elementor-element-5d725a3 elementor-widget elementor-widget-text-editor\" data-id=\"5d725a3\" data-element_type=\"widget\" data-widget_type=\"text-editor.default\">\n\t\t\t\t<div class=\"elementor-widget-container\">\n\t\t\t<style>\/*! elementor - v3.21.0 - 25-04-2024 *\/\n.elementor-widget-text-editor.elementor-drop-cap-view-stacked .elementor-drop-cap{background-color:#69727d;color:#fff}.elementor-widget-text-editor.elementor-drop-cap-view-framed .elementor-drop-cap{color:#69727d;border:3px solid;background-color:transparent}.elementor-widget-text-editor:not(.elementor-drop-cap-view-default) .elementor-drop-cap{margin-top:8px}.elementor-widget-text-editor:not(.elementor-drop-cap-view-default) .elementor-drop-cap-letter{width:1em;height:1em}.elementor-widget-text-editor .elementor-drop-cap{float:left;text-align:center;line-height:1;font-size:50px}.elementor-widget-text-editor .elementor-drop-cap-letter{display:inline-block}<\/style>\t\t\t\t<p>En naviguant sur www.lacremeriedubassin.fr, ci-apr\u00e8s \u00ab le Site \u00bb, vous reconnaissez, en votre qualit\u00e9 d\u2019utilisateur, ci-apr\u00e8s d\u00e9sign\u00e9 par \u00ab vous \u00bb ou \u00ab l\u2019Internaute \u00bb, conna\u00eetre les conditions d\u2019usage figurant ci-apr\u00e8s, ainsi que les conditions sp\u00e9cifiques relatives \u00e0 certains services du Site, et en accepter les termes.<\/p>\t\t\t\t\t\t<\/div>\n\t\t\t\t<\/div>\n\t\t\t\t<div class=\"elementor-element elementor-element-00043e5 elementor-widget elementor-widget-heading\" data-id=\"00043e5\" data-element_type=\"widget\" data-widget_type=\"heading.default\">\n\t\t\t\t<div class=\"elementor-widget-container\">\n\t\t\t<h2 class=\"elementor-heading-title elementor-size-medium\">1\/ INFORMATIONS L\u00c9GALES<\/h2>\t\t<\/div>\n\t\t\t\t<\/div>\n\t\t\t\t<div class=\"elementor-element elementor-element-eae1246 elementor-widget elementor-widget-text-editor\" data-id=\"eae1246\" data-element_type=\"widget\" data-widget_type=\"text-editor.default\">\n\t\t\t\t<div class=\"elementor-widget-container\">\n\t\t\t\t\t\t\t<p>L\u2019\u00c9diteur du Site est la soci\u00e9t\u00e9 TKS SASU, ci-apr\u00e8s \u00ab l\u2019\u00c9diteur \u00bb, au capital social de 2 000,00\u20ac \u20ac, immatricul\u00e9e au registre du commerce et des soci\u00e9t\u00e9s de Bordeaux sous le num\u00e9ro 977 539 204 et dont le n\u00b0 de TVA intracommunautaire est le FR37 977 539 204.<\/p>\n<p>Le si\u00e8ge social est situ\u00e9 9 rue Waldeck Rousseau, 33560 Carbon-blanc.<\/p>\n<p>Tel : 06 69 71 31 15<\/p>\n<p>Email : lacremeriedubassin@gmail.com<\/p>\n<p>Directeur de publication : G\u00e9rant(e)&nbsp;<\/p>\t\t\t\t\t\t<\/div>\n\t\t\t\t<\/div>\n\t\t\t\t<div class=\"elementor-element elementor-element-f213be3 elementor-widget elementor-widget-heading\" data-id=\"f213be3\" data-element_type=\"widget\" data-widget_type=\"heading.default\">\n\t\t\t\t<div class=\"elementor-widget-container\">\n\t\t\t<h2 class=\"elementor-heading-title elementor-size-medium\">2\/ H\u00c9BERGEMENT DU SITE<\/h2>\t\t<\/div>\n\t\t\t\t<\/div>\n\t\t\t\t<div class=\"elementor-element elementor-element-a966476 elementor-widget elementor-widget-text-editor\" data-id=\"a966476\" data-element_type=\"widget\" data-widget_type=\"text-editor.default\">\n\t\t\t\t<div class=\"elementor-widget-container\">\n\t\t\t\t\t\t\t<p>Nom : OVH, soci\u00e9t\u00e9 par action simplifi\u00e9es (S.A.S) au capital social de 10 174 560,00\u20ac, immatricul\u00e9e au R.C.S de Lille M\u00e9tropole, sous le num\u00e9ro 424 761 419 000 45.<\/p><p><span style=\"font-style: inherit; font-weight: inherit; text-align: var(--text-align); color: var(--ast-global-color-3);\">Adresse : 2 rue Kellermann \u2013 59100 Roubaix \u2013 France<\/span><\/p><p><span style=\"font-style: inherit; font-weight: inherit; text-align: var(--text-align); color: var(--ast-global-color-3);\">T\u00e9l : 1007<\/span><\/p>\t\t\t\t\t\t<\/div>\n\t\t\t\t<\/div>\n\t\t\t\t<div class=\"elementor-element elementor-element-1a5dec8 elementor-widget elementor-widget-heading\" data-id=\"1a5dec8\" data-element_type=\"widget\" data-widget_type=\"heading.default\">\n\t\t\t\t<div class=\"elementor-widget-container\">\n\t\t\t<h2 class=\"elementor-heading-title elementor-size-medium\">3\/ DROITS DE PROPRI\u00c9T\u00c9 INTELLECTUELLE<\/h2>\t\t<\/div>\n\t\t\t\t<\/div>\n\t\t\t\t<div class=\"elementor-element elementor-element-f19eae6 elementor-widget elementor-widget-text-editor\" data-id=\"f19eae6\" data-element_type=\"widget\" data-widget_type=\"text-editor.default\">\n\t\t\t\t<div class=\"elementor-widget-container\">\n\t\t\t\t\t\t\t<p>Le Site et l\u2019ensemble de son contenu (en particulier les marques commerciales, logos, tout \u00e9l\u00e9ment graphique, textuel et informatique du Site dont notamment les arborescences, mises en forme, articles, pr\u00e9sentations, illustrations, photographies, et\/ou tout autre document) sont prot\u00e9g\u00e9s par les r\u00e8glementations fran\u00e7aises et internationales relatives \u00e0 la propri\u00e9t\u00e9 intellectuelle.<\/p><p>Tous droits r\u00e9serv\u00e9s copyright \u00a9 \u2013 depuis 2023<\/p><p>\u00a0<\/p><p>En aucun cas, la navigation sur le Site, ou les mentions y figurant, ne peuvent \u00eatre interpr\u00e9t\u00e9es comme accordant une licence d\u2019utilisation ou un quelconque droit d\u2019utiliser ces \u00e9l\u00e9ments.<\/p><p>\u00a0<\/p><p>A ce titre, leurs repr\u00e9sentations, reproductions, imbrications, diffusions et rediffusions, partielles ou totales, sont interdites (article L. 122-4 du Code de la propri\u00e9t\u00e9 intellectuelle fran\u00e7ais). Toute personne y proc\u00e9dant sans pouvoir justifier d\u2019une autorisation pr\u00e9alable et expresse du d\u00e9tenteur de ces droits encourt les peines relatives au d\u00e9lit de contrefa\u00e7on (articles L. 335-2 et suivants du Code de la propri\u00e9t\u00e9 intellectuelle fran\u00e7ais).<\/p><p>\u00a0<\/p><p>L\u2019\u00c9diteur pourra se pr\u00e9valoir de ses droits, en particulier de propri\u00e9t\u00e9 intellectuelle, pour engager des poursuites notamment p\u00e9nales.<\/p><p>\u00a0<\/p><p><span style=\"font-style: inherit; font-weight: inherit; text-align: var(--text-align); color: var(--ast-global-color-3);\">L\u2019\u00c9diteur se r\u00e9serve le droit d\u2019am\u00e9liorer ou de modifier \u00e0 tout moment les informations, produits, programmes ou conditions d\u2019utilisation d\u00e9crits dans le Site, et ce sans que sa responsabilit\u00e9 puisse \u00eatre engag\u00e9e de ce fait. Les conditions et mentions applicables seront celles en vigueur \u00e0 la date de votre connexion au Site.<\/span><\/p><p><span style=\"font-style: inherit; font-weight: inherit; text-align: var(--text-align); color: var(--ast-global-color-3);\">\u00a0<\/span><\/p><p>Toutes les marques cit\u00e9es, en particulier LES-FROMAGERS.COM, sont des marques d\u00e9pos\u00e9es. Les photographies utilis\u00e9es sur le Site sont prot\u00e9g\u00e9es par le droit d\u2019auteur. Pour des raisons pratiques, les cr\u00e9dits ne sont pas mentionn\u00e9s sur la photographie. Pour plus d\u2019information sur l\u2019auteur des photographies, vous pouvez contacter l\u2019\u00c9diteur via le formulaire de contact figurant sur le Site.<\/p>\t\t\t\t\t\t<\/div>\n\t\t\t\t<\/div>\n\t\t\t\t<div class=\"elementor-element elementor-element-4a4ae79 elementor-widget elementor-widget-heading\" data-id=\"4a4ae79\" data-element_type=\"widget\" data-widget_type=\"heading.default\">\n\t\t\t\t<div class=\"elementor-widget-container\">\n\t\t\t<h2 class=\"elementor-heading-title elementor-size-medium\">4\/ LIENS HYPERTEXTES<\/h2>\t\t<\/div>\n\t\t\t\t<\/div>\n\t\t\t\t<div class=\"elementor-element elementor-element-c82ac2e elementor-widget elementor-widget-text-editor\" data-id=\"c82ac2e\" data-element_type=\"widget\" data-widget_type=\"text-editor.default\">\n\t\t\t\t<div class=\"elementor-widget-container\">\n\t\t\t\t\t\t\t<p>Le Site peut comporter des liens hypertextes vers des sites tiers. L\u2019Internaute qui serait redirig\u00e9 vers un site tiers par l\u2019interm\u00e9diaire d\u2019un lien hypertexte \u00e9tabli en direction d\u2019autres sites reconna\u00eet que l\u2019\u00c9diteur ne ma\u00eetrise pas le contenu, les informations, les produits et services offerts sur ces sites. En cons\u00e9quence, l\u2019\u00c9diteur ne pourra en aucun cas voire sa responsabilit\u00e9 engag\u00e9e pour d\u2019\u00e9ventuels dommages directs ou indirects r\u00e9sultant de l\u2019utilisation de sites accessibles via les liens hypertextes. L\u2019\u00c9diteur n\u2019est \u00e9galement pas responsable des liens hypertextes pointant vers le Site.<\/p><p>\u00a0<\/p><p>Toute personne souhaitant mettre en place des liens hypertextes pointant vers le Site devra en obtenir l\u2019autorisation \u00e9crite et pr\u00e9alable de l\u2019\u00c9diteur.<\/p>\t\t\t\t\t\t<\/div>\n\t\t\t\t<\/div>\n\t\t\t\t<div class=\"elementor-element elementor-element-a99ff77 elementor-widget elementor-widget-heading\" data-id=\"a99ff77\" data-element_type=\"widget\" data-widget_type=\"heading.default\">\n\t\t\t\t<div class=\"elementor-widget-container\">\n\t\t\t<h2 class=\"elementor-heading-title elementor-size-medium\">5\/ LIMITATION DE RESPONSABILIT\u00c9<\/h2>\t\t<\/div>\n\t\t\t\t<\/div>\n\t\t\t\t<div class=\"elementor-element elementor-element-dfbed02 elementor-widget elementor-widget-text-editor\" data-id=\"dfbed02\" data-element_type=\"widget\" data-widget_type=\"text-editor.default\">\n\t\t\t\t<div class=\"elementor-widget-container\">\n\t\t\t\t\t\t\t<p>L\u2019\u00c9diteur rappelle aux Internautes les caract\u00e9ristiques et les limites du r\u00e9seau internet. L\u2019\u00c9diteur ne saurait \u00eatre tenu responsable de tout dommage r\u00e9sultant de l\u2019acc\u00e8s au Site ou, au contraire, de l\u2019impossibilit\u00e9 d\u2019y acc\u00e9der. L\u2019\u00c9diteur ne pourra en aucun cas \u00eatre tenu responsable en cas d\u2019indisponibilit\u00e9 du Site, pour quelque cause que ce soit (d\u00e9faut technique, encombrement du r\u00e9seau, \u2026).<\/p><p>\u00a0<\/p><p>L\u2019Internaute admet express\u00e9ment utiliser le Site \u00e0 ses propres risques et sous sa responsabilit\u00e9 exclusive. L\u2019\u00c9diteur ne saurait \u00eatre tenu responsable de tout dommage, direct ou indirect, mat\u00e9riel ou immat\u00e9riel caus\u00e9 aux Internautes, \u00e0 leurs \u00e9quipements informatiques ou de t\u00e9l\u00e9communications, aux donn\u00e9es qui y sont stock\u00e9es et aux cons\u00e9quences pouvant en d\u00e9couler sur leur activit\u00e9 personnelle, professionnelle ou commerciale.<\/p><p>\u00a0<\/p><p>Les informations du Site sont fournies \u00e0 titre indicatif. Les informations diffus\u00e9es sur le Site sont actualis\u00e9es et v\u00e9rifi\u00e9es p\u00e9riodiquement mais peuvent encore contenir des erreurs. Les informations doivent en tout \u00e9tat de cause \u00eatre prises en consid\u00e9ration au moment de leur mise en ligne et non au moment de la consultation du Site (ces donn\u00e9es peuvent avoir fait l\u2019objet de mises \u00e0 jour entre le moment o\u00f9 vous les avez t\u00e9l\u00e9charg\u00e9es et celui o\u00f9 vous en prenez connaissance). En tout \u00e9tat de cause, la responsabilit\u00e9 de l\u2019\u00c9diteur ne saurait \u00eatre engag\u00e9e du fait de ces informations.<\/p><p>\u00a0<\/p>\t\t\t\t\t\t<\/div>\n\t\t\t\t<\/div>\n\t\t\t\t<div class=\"elementor-element elementor-element-d057934 elementor-widget elementor-widget-heading\" data-id=\"d057934\" data-element_type=\"widget\" data-widget_type=\"heading.default\">\n\t\t\t\t<div class=\"elementor-widget-container\">\n\t\t\t<h2 class=\"elementor-heading-title elementor-size-medium\">6\/ ACC\u00c8S \u00c0 DES ZONES PROT\u00c9G\u00c9ES PAR UN MOT DE PASSE<\/h2>\t\t<\/div>\n\t\t\t\t<\/div>\n\t\t\t\t<div class=\"elementor-element elementor-element-f509b1f elementor-widget elementor-widget-text-editor\" data-id=\"f509b1f\" data-element_type=\"widget\" data-widget_type=\"text-editor.default\">\n\t\t\t\t<div class=\"elementor-widget-container\">\n\t\t\t\t\t\t\t<p>L\u2019acc\u00e8s \u00e0 des zones prot\u00e9g\u00e9es par un mot de passe est r\u00e9serv\u00e9 uniquement aux personnes autoris\u00e9es. L\u2019Internaute s\u2019engage \u00e0 ne pas forcer l\u2019acc\u00e8s \u00e0 ces zones, et notamment \u00e0 ne pas usurper l\u2019identit\u00e9, le code d\u2019acc\u00e8s ou l\u2019adresse d\u2019un autre utilisateur. Toute personne non autoris\u00e9e tentant d\u2019acc\u00e9der \u00e0 ces zones pourra faire l\u2019objet de poursuites judiciaires.<\/p>\t\t\t\t\t\t<\/div>\n\t\t\t\t<\/div>\n\t\t\t\t<div class=\"elementor-element elementor-element-725636a elementor-widget elementor-widget-heading\" data-id=\"725636a\" data-element_type=\"widget\" data-widget_type=\"heading.default\">\n\t\t\t\t<div class=\"elementor-widget-container\">\n\t\t\t<h2 class=\"elementor-heading-title elementor-size-medium\">7\/ UTILISATION DU SITE<\/h2>\t\t<\/div>\n\t\t\t\t<\/div>\n\t\t\t\t<div class=\"elementor-element elementor-element-64c70bc elementor-widget elementor-widget-text-editor\" data-id=\"64c70bc\" data-element_type=\"widget\" data-widget_type=\"text-editor.default\">\n\t\t\t\t<div class=\"elementor-widget-container\">\n\t\t\t\t\t\t\t<p>L\u2019\u00c9diteur propose le Site principalement pour l\u2019usage de sa client\u00e8le et de toute personne souhaitant conna\u00eetre et acheter ses produits et services.<\/p><p>\u00a0<\/p><p>Lorsque vous naviguez\/vous connectez au Site\u00a0<\/p><p>\u00a0<\/p><p>Vous vous engagez \u00e0 respecter les pr\u00e9sentes mentions ainsi que, plus g\u00e9n\u00e9ralement, les l\u00e9gislations applicables.<\/p><p>\u00a0<\/p><p>Vous vous abstenez de toute collecte, utilisation d\u00e9tourn\u00e9e notamment des informations nominatives auxquelles vous pourriez acc\u00e9der et, de mani\u00e8re g\u00e9n\u00e9rale, de tout acte susceptible de porter atteinte aux tiers.<\/p><p>\u00a0<\/p><p>Lorsque vous remplissez un formulaire et que vous fournissez des informations, vous vous engagez \u00e0 :<\/p><p>\u00a0<\/p><p>D\u00e9livrer des informations r\u00e9elles, exactes, \u00e0 jour au moment de leur saisie et notamment \u00e0 ne pas utiliser de faux noms, qualit\u00e9s ou adresses, ou encore des noms, qualit\u00e9s ou adresses sans y \u00eatre autoris\u00e9.<\/p><p>\u00a0<\/p><p>Maintenir \u00e0 jour les donn\u00e9es d\u2019inscription en vue de garantir en permanence leur caract\u00e8re r\u00e9el et exact.<\/p><p>\u00a0<\/p><p>Ne pas rendre disponible ou distribuer des informations, des programmes ou des \u00e9l\u00e9ments ill\u00e9gaux, r\u00e9pr\u00e9hensibles ou encore nuisibles (tels que des virus, des logiciels de piratage ou de copie.<\/p><p>\u00a0<\/p><p>Ne pas diffuser des propos, opinions ou informations \u00e0 caract\u00e8re diffamatoire, obsc\u00e8ne, violent, raciste et plus g\u00e9n\u00e9ralement contrevenant aux lois et r\u00e8glements en vigueur, aux droits des personnes et aux bonnes m\u0153urs.<\/p><p>\u00a0<\/p><p>En cas de violation de ces dispositions, l\u2019\u00c9diteur se r\u00e9serve le droit de vous interdire l\u2019acc\u00e8s au Site ou aux services propos\u00e9s, \u00e0 vos torts exclusifs et ce, sans pr\u00e9judice de toute action en responsabilit\u00e9.<\/p><p>\u00a0<\/p>\t\t\t\t\t\t<\/div>\n\t\t\t\t<\/div>\n\t\t\t\t<div class=\"elementor-element elementor-element-72b690c elementor-widget elementor-widget-heading\" data-id=\"72b690c\" data-element_type=\"widget\" data-widget_type=\"heading.default\">\n\t\t\t\t<div class=\"elementor-widget-container\">\n\t\t\t<h2 class=\"elementor-heading-title elementor-size-medium\">8\/ CHAMPS D\u2019APPLICATION \u2013 COMP\u00c9TENCE<\/h2>\t\t<\/div>\n\t\t\t\t<\/div>\n\t\t\t\t<div class=\"elementor-element elementor-element-83bd612 elementor-widget elementor-widget-text-editor\" data-id=\"83bd612\" data-element_type=\"widget\" data-widget_type=\"text-editor.default\">\n\t\t\t\t<div class=\"elementor-widget-container\">\n\t\t\t\t\t\t\t<p>Les pr\u00e9sentes conditions s\u2019appliquent \u00e0 tous les Internautes quels qu\u2019ils soient, sans limitation dans le temps ou dans l\u2019espace.<\/p><p>\u00a0<\/p><p>SI VOUS ETES COMMER\u00c7ANT, VOUS ACCEPTEZ QUE TOUT LITIGE POUVANT DECOULER DE L\u2019UTILISATION DU SITE SOIT EXCLUSIVEMENT DE LA COMPETENCE DE LA LOI FRAN\u00c7AISE ET DES TRIBUNAUX COMPETENTS DE BORDEAUX.<\/p>\t\t\t\t\t\t<\/div>\n\t\t\t\t<\/div>\n\t\t\t\t\t<\/div>\n\t\t\t\t<\/div>\n\t\t\t\t<\/div>\n\t\t","protected":false},"excerpt":{"rendered":"<p>Mentions l\u00e9gales En naviguant sur www.lacremeriedubassin.fr, ci-apr\u00e8s \u00ab le Site \u00bb, vous reconnaissez, en votre qualit\u00e9 d\u2019utilisateur, ci-apr\u00e8s d\u00e9sign\u00e9 par \u00ab vous \u00bb ou \u00ab l\u2019Internaute \u00bb, conna\u00eetre les conditions d\u2019usage figurant ci-apr\u00e8s, ainsi que les conditions sp\u00e9cifiques relatives \u00e0 certains services du Site, et en accepter les termes. 1\/ INFORMATIONS L\u00c9GALES L\u2019\u00c9diteur du Site [&hellip;]<\/p>\n","protected":false},"author":3,"featured_media":0,"parent":0,"menu_order":0,"comment_status":"closed","ping_status":"closed","template":"","meta":{"site-sidebar-layout":"no-sidebar","site-content-layout":"page-builder","ast-site-content-layout":"full-width-container","site-content-style":"default","site-sidebar-style":"default","ast-global-header-display":"","ast-banner-title-visibility":"","ast-main-header-display":"","ast-hfb-above-header-display":"","ast-hfb-below-header-display":"","ast-hfb-mobile-header-display":"","site-post-title":"disabled","ast-breadcrumbs-content":"","ast-featured-img":"disabled","footer-sml-layout":"","theme-transparent-header-meta":"","adv-header-id-meta":"","stick-header-meta":"","header-above-stick-meta":"","header-main-stick-meta":"","header-below-stick-meta":"","astra-migrate-meta-layouts":"set","ast-page-background-enabled":"default","ast-page-background-meta":{"desktop":{"background-color":"","background-image":"","background-repeat":"repeat","background-position":"center center","background-size":"auto","background-attachment":"scroll","background-type":"","background-media":"","overlay-type":"","overlay-color":"","overlay-gradient":""},"tablet":{"background-color":"","background-image":"","background-repeat":"repeat","background-position":"center center","background-size":"auto","background-attachment":"scroll","background-type":"","background-media":"","overlay-type":"","overlay-color":"","overlay-gradient":""},"mobile":{"background-color":"","background-image":"","background-repeat":"repeat","background-position":"center center","background-size":"auto","background-attachment":"scroll","background-type":"","background-media":"","overlay-type":"","overlay-color":"","overlay-gradient":""}},"ast-content-background-meta":{"desktop":{"background-color":"var(--ast-global-color-5)","background-image":"","background-repeat":"repeat","background-position":"center center","background-size":"auto","background-attachment":"scroll","background-type":"","background-media":"","overlay-type":"","overlay-color":"","overlay-gradient":""},"tablet":{"background-color":"var(--ast-global-color-5)","background-image":"","background-repeat":"repeat","background-position":"center center","background-size":"auto","background-attachment":"scroll","background-type":"","background-media":"","overlay-type":"","overlay-color":"","overlay-gradient":""},"mobile":{"background-color":"var(--ast-global-color-5)","background-image":"","background-repeat":"repeat","background-position":"center center","background-size":"auto","background-attachment":"scroll","background-type":"","background-media":"","overlay-type":"","overlay-color":"","overlay-gradient":""}},"footnotes":""},"class_list":["post-521","page","type-page","status-publish","hentry"],"_links":{"self":[{"href":"https:\/\/lacremeriedubassin.fr\/index.php\/wp-json\/wp\/v2\/pages\/521","targetHints":{"allow":["GET"]}}],"collection":[{"href":"https:\/\/lacremeriedubassin.fr\/index.php\/wp-json\/wp\/v2\/pages"}],"about":[{"href":"https:\/\/lacremeriedubassin.fr\/index.php\/wp-json\/wp\/v2\/types\/page"}],"author":[{"embeddable":true,"href":"https:\/\/lacremeriedubassin.fr\/index.php\/wp-json\/wp\/v2\/users\/3"}],"replies":[{"embeddable":true,"href":"https:\/\/lacremeriedubassin.fr\/index.php\/wp-json\/wp\/v2\/comments?post=521"}],"version-history":[{"count":4,"href":"https:\/\/lacremeriedubassin.fr\/index.php\/wp-json\/wp\/v2\/pages\/521\/revisions"}],"predecessor-version":[{"id":525,"href":"https:\/\/lacremeriedubassin.fr\/index.php\/wp-json\/wp\/v2\/pages\/521\/revisions\/525"}],"wp:attachment":[{"href":"https:\/\/lacremeriedubassin.fr\/index.php\/wp-json\/wp\/v2\/media?parent=521"}],"curies":[{"name":"wp","href":"https:\/\/api.w.org\/{rel}","templated":true}]}}